{"id":2,"date":"2026-04-20T10:56:27","date_gmt":"2026-04-20T10:56:27","guid":{"rendered":"https:\/\/lohijurmu.fi\/?page_id=2"},"modified":"2026-04-24T08:01:03","modified_gmt":"2026-04-24T08:01:03","slug":"lohijurmu","status":"publish","type":"page","link":"https:\/\/lohijurmu.fi\/","title":{"rendered":"Etusivu"},"content":{"rendered":"\n<div id=\"koti\" class=\"wp-block-group has-ast-global-color-3-color has-ast-global-color-7-background-color has-text-color has-background is-layout-constrained wp-container-core-group-is-layout-1a95eb39 wp-block-group-is-layout-constrained\" style=\"border-width:1px;border-top-left-radius:0px;border-top-right-radius:0px;border-bottom-left-radius:0px;border-bottom-right-radius:0px;min-height:0px;margin-top:var(--wp--preset--spacing--70);margin-bottom:var(--wp--preset--spacing--70);padding-top:var(--wp--preset--spacing--80);padding-bottom:var(--wp--preset--spacing--80);background-image:url(&apos;https:\/\/lohijurmu.fi\/wp-content\/uploads\/2026\/04\/767881_51404875_pak-2.jpg&apos;);background-size:cover;\">\n<p class=\"has-text-align-center has-text-color has-background has-link-color wp-elements-edc8ad6d670c814232d609ab2c44c5a2\" style=\"color:#050505;background-color:#d1dae6d6\">LohiJurmu Oy on rautalampilainen vaappuvalmistaja, jonka tuotteet ovat huolellista k\u00e4sity\u00f6t\u00e4 mihin yhdistyy kalamiehen kannalta t\u00e4rkeimpin\u00e4 huolellinen viimeistely, uusin teknologia, parhaat materiaalit sek\u00e4 lopputuloksena paras mahdollinen k\u00e4ytt\u00f6arvo.<br><br>Yhteisty\u00f6 intohimoisten kalastuksenharrastajien, niin naisten kuin miestenkin,&nbsp; kanssa on ollut hedelm\u00e4llist\u00e4. Olemme yhdist\u00e4neet oman tietoutemme heid\u00e4n tietouden ja&nbsp; kokemuksen kanssa. N\u00e4in on kehitetty eri kalalajeille ja eri kalastustavoille erinomaisesti toimivat vaaput.<br><br>Vuosien kalastuskokemukset sis\u00e4vesill\u00e4, Tenolla, Tornionjoella, Namsenilla ja&nbsp; N\u00e4\u00e4t\u00e4m\u00f6ll\u00e4&nbsp; ovat antaneet meille kokemuksen siit\u00e4, millainen on se todella kalastava lohivaappu ja mitk\u00e4 ovat kulloinkin sopivat v\u00e4rit. Samoin vuosien kokemuksen perusteella on kehitelty my\u00f6s pienet siika- ja ahvenvaaput.<br><br>T\u00e4m\u00e4n kokemuksemme haluamme siirt\u00e4\u00e4 Teille niin ett\u00e4 voitte nauttia kalastuksen riemusta ja hyvist\u00e4 hetkist\u00e4 luonnossa!<\/p>\n<\/div>\n\n\n\n<p><\/p>\n\n\n\n<div class=\"wp-block-columns alignwide is-layout-flex wp-container-core-columns-is-layout-a54e0cfc wp-block-columns-is-layout-flex\" id=\"hotta\" style=\"padding-top:var(--wp--preset--spacing--60);padding-bottom:var(--wp--preset--spacing--60)\">\n<div class=\"wp-block-column is-layout-flow wp-block-column-is-layout-flow\">\n<h3 class=\"wp-block-heading\">Hotta<\/h3>\n\n\n\n<p>Hotta on tuotantomme pienin vaappu, sen pituus on vain noin 38 millimetri\u00e4 ja painoa n. 1,0g. Muodoltaan Hotta matkii s\u00e4rjen poikasta ja soveltuu erinomaisesti siian, ahvenen, harjuksen, taimenen, raudun sek\u00e4 kirjolohen j\u00e4rvi- ja koskikalastukseen. Se on eritt\u00e4in kevyt, kelluva ja sen uintisyvyys on 0-1 metri\u00e4.<\/p>\n\n\n\n<p>Varman ja houkuttelevan uintinsa vuoksi Hotta on ehdottomasti UL-kalastajan vakioviehe. Keveytens\u00e4 vuoksi Hottaa voi uittaa vaikka perhovavalla pikkujoilla ja tunturipuroilla. Hotta-vaappulla on voitettu mm. Siian Uistelun SM-kilpailu. Hotalla kalastaessasi panostat ensisijaisesti laatuun. Hotta on osoittanut testimenestyksell\u00e4\u00e4n olevansa kaikkien aikojen ylivoimaisin ahvenvaappu.<\/p>\n\n\n\n<blockquote class=\"wp-block-quote is-layout-flow wp-block-quote-is-layout-flow\">\n<h6 class=\"wp-block-heading\" id=\"u389-2\">&#8221;Hotta on oikein viritettyn\u00e4 mahtava yleisviehe kaikkien pikkukalojen soutu-uisteluun.&#8221;<\/h6>\n\n\n\n<h6 class=\"wp-block-heading\" id=\"u389-4\">Er\u00e4-lehti 5\/97<\/h6>\n<\/blockquote>\n<\/div>\n\n\n\n<div class=\"wp-block-column is-layout-flow wp-block-column-is-layout-flow\" style=\"padding-top:var(--wp--preset--spacing--40);padding-bottom:var(--wp--preset--spacing--40)\">\n<figure class=\"wp-block-image aligncenter size-large is-resized has-custom-border\" style=\"margin-top:var(--wp--preset--spacing--60);margin-bottom:var(--wp--preset--spacing--60)\"><img loading=\"lazy\" decoding=\"async\" width=\"1024\" height=\"410\" src=\"https:\/\/lohijurmu.fi\/wp-content\/uploads\/2026\/04\/H02_Raatokarpanen_2_crop-1024x410.jpg\" alt=\"\" class=\"wp-image-92\" style=\"border-top-left-radius:12px;border-top-right-radius:12px;border-bottom-left-radius:12px;border-bottom-right-radius:12px;aspect-ratio:2.4976438574367825;width:407px;height:auto\" srcset=\"https:\/\/lohijurmu.fi\/wp-content\/uploads\/2026\/04\/H02_Raatokarpanen_2_crop-1024x410.jpg 1024w, https:\/\/lohijurmu.fi\/wp-content\/uploads\/2026\/04\/H02_Raatokarpanen_2_crop-300x120.jpg 300w, https:\/\/lohijurmu.fi\/wp-content\/uploads\/2026\/04\/H02_Raatokarpanen_2_crop-600x240.jpg 600w, https:\/\/lohijurmu.fi\/wp-content\/uploads\/2026\/04\/H02_Raatokarpanen_2_crop-768x307.jpg 768w, https:\/\/lohijurmu.fi\/wp-content\/uploads\/2026\/04\/H02_Raatokarpanen_2_crop-1536x614.jpg 1536w, https:\/\/lohijurmu.fi\/wp-content\/uploads\/2026\/04\/H02_Raatokarpanen_2_crop-2048x819.jpg 2048w\" sizes=\"auto, (max-width: 1024px) 100vw, 1024px\" \/><figcaption class=\"wp-element-caption\"><sub>Kuvassa H02 Raatok\u00e4rp\u00e4nen<\/sub><\/figcaption><\/figure>\n\n\n\n<div class=\"wp-block-buttons is-content-justification-center is-layout-flex wp-container-core-buttons-is-layout-a89b3969 wp-block-buttons-is-layout-flex\">\n<div class=\"wp-block-button has-custom-width wp-block-button__width-50\"><a class=\"wp-block-button__link has-medium-font-size has-custom-font-size wp-element-button\" href=\"https:\/\/lohijurmu.fi\/wp-content\/uploads\/2026\/04\/hottaesite2026_text.pdf\">Tutustu Hottien vakiomallistoon<\/a><\/div>\n<\/div>\n<\/div>\n<\/div>\n\n\n\n<div class=\"wp-block-columns alignwide has-background is-layout-flex wp-container-core-columns-is-layout-a54e0cfc wp-block-columns-is-layout-flex\" id=\"jurmu\" style=\"border-style:none;border-width:0px;background-color:#d1dae661;padding-top:var(--wp--preset--spacing--60);padding-bottom:var(--wp--preset--spacing--60)\">\n<div class=\"wp-block-column is-layout-flow wp-block-column-is-layout-flow\" style=\"padding-top:0;padding-bottom:0\">\n<h3 class=\"wp-block-heading\">Jurmu<\/h3>\n\n\n\n<p>Jurmu 78 oli ensimm\u00e4inen varsinainen Jurmu-vaappu. Ensimm\u00e4isen\u00e4 kolmiulotteisen kyljen pinnan omaavana vaappuna se on saanut kest\u00e4\u00e4 vanhojen asenteiden mukanaan tuoman ep\u00e4ilyksen. Se on kuitenkin kalastavuudellaan ansainnut paikkansa parhaiden vaappujen joukossa. Erikoisella, uimalevyn takana olevalla painotuksella on luotu sek\u00e4 hyv\u00e4 k\u00e4yntiherkkyys ett\u00e4 uintivarmuus kovassakin vedossa ja virrassa. Kylkien urat, &#8221;jurmut&#8221;, el\u00e4v\u00f6itt\u00e4v\u00e4t vaappua ja tehostavat kalojen kiinnostusta sit\u00e4 kohtaan.<\/p>\n\n\n\n<p>Jurmu kehiteltiin alun perin lohikaloille, mutta se on osoittautunut erinomaiseksi kaikille petokaloille niin virtaavissa vesiss\u00e4 kuin j\u00e4rvill\u00e4kin. Se sopii yht\u00e4 hyvin koskikalastukseen, uisteluun kuin lohensoutuunkin. Nyt saatavana on my\u00f6s malli Jurmu 68, joka on 10 millimetri\u00e4 alkuper\u00e4ist\u00e4 lyhyempi. Kalastavuudeltaan vaaput ovat kesken\u00e4\u00e4n l\u00e4hes samanlaiset. Kalastusolosuhteet ja kalastajien tottumukset ratkaisevat valinnan pidemm\u00e4n ja lyhyemm\u00e4n vaapun v\u00e4lill\u00e4.<\/p>\n<\/div>\n\n\n\n<div class=\"wp-block-column is-layout-flow wp-block-column-is-layout-flow\" style=\"padding-top:var(--wp--preset--spacing--40);padding-bottom:var(--wp--preset--spacing--40)\">\n<figure class=\"wp-block-image aligncenter size-large has-custom-border\"><img loading=\"lazy\" decoding=\"async\" width=\"1024\" height=\"334\" src=\"https:\/\/lohijurmu.fi\/wp-content\/uploads\/2026\/04\/Jurmu-78mm-Paperitiikeri-1024x334.jpg\" alt=\"\" class=\"wp-image-94\" style=\"border-top-left-radius:12px;border-top-right-radius:12px;border-bottom-left-radius:12px;border-bottom-right-radius:12px\" srcset=\"https:\/\/lohijurmu.fi\/wp-content\/uploads\/2026\/04\/Jurmu-78mm-Paperitiikeri-1024x334.jpg 1024w, https:\/\/lohijurmu.fi\/wp-content\/uploads\/2026\/04\/Jurmu-78mm-Paperitiikeri-300x98.jpg 300w, https:\/\/lohijurmu.fi\/wp-content\/uploads\/2026\/04\/Jurmu-78mm-Paperitiikeri-600x196.jpg 600w, https:\/\/lohijurmu.fi\/wp-content\/uploads\/2026\/04\/Jurmu-78mm-Paperitiikeri-768x250.jpg 768w, https:\/\/lohijurmu.fi\/wp-content\/uploads\/2026\/04\/Jurmu-78mm-Paperitiikeri-1536x501.jpg 1536w, https:\/\/lohijurmu.fi\/wp-content\/uploads\/2026\/04\/Jurmu-78mm-Paperitiikeri.jpg 1632w\" sizes=\"auto, (max-width: 1024px) 100vw, 1024px\" \/><figcaption class=\"wp-element-caption\"><sub>Kuvassa J30 Paperitiikeri<\/sub><\/figcaption><\/figure>\n\n\n\n<p class=\"has-text-align-center\" style=\"margin-top:var(--wp--preset--spacing--60);margin-bottom:var(--wp--preset--spacing--60)\"><strong>Jurmu on monipuolinen lohi- ja petokalavaappu. <br>Jurmuja valmistetaan kahden kokoisena.<br>Perinteisen Jurmu 78:n rinnalla on saatavana<br>10 mm esikuvaansa lyhyempi Jurmu 68.<\/strong><\/p>\n\n\n\n<div class=\"wp-block-buttons is-content-justification-center is-layout-flex wp-container-core-buttons-is-layout-a89b3969 wp-block-buttons-is-layout-flex\">\n<div class=\"wp-block-button has-custom-width wp-block-button__width-50\"><a class=\"wp-block-button__link has-medium-font-size has-custom-font-size wp-element-button\" href=\"https:\/\/lohijurmu.fi\/wp-content\/uploads\/2026\/04\/merged_Jurmuesitteet.pdf\">Tutustu Jurmujen mallistoon<\/a><\/div>\n<\/div>\n<\/div>\n<\/div>\n\n\n\n<div class=\"wp-block-columns alignwide is-layout-flex wp-container-core-columns-is-layout-a54e0cfc wp-block-columns-is-layout-flex\" id=\"artikkelit\" style=\"padding-top:var(--wp--preset--spacing--60);padding-bottom:var(--wp--preset--spacing--60)\">\n<div class=\"wp-block-column is-layout-flow wp-block-column-is-layout-flow\">\n<div class=\"wp-block-group is-layout-constrained wp-block-group-is-layout-constrained\">\n<div class=\"wp-block-columns is-layout-flex wp-container-core-columns-is-layout-28f84493 wp-block-columns-is-layout-flex\">\n<div class=\"wp-block-column is-vertically-aligned-top is-layout-flow wp-block-column-is-layout-flow\" style=\"flex-basis:100%\">\n<h3 class=\"wp-block-heading has-text-align-center\">Artikkelit<\/h3>\n\n\n\n<div class=\"wp-block-columns is-layout-flex wp-container-core-columns-is-layout-28f84493 wp-block-columns-is-layout-flex\">\n<div class=\"wp-block-column is-layout-flow wp-block-column-is-layout-flow\">\n<ul class=\"wp-block-list\">\n<li class=\"has-medium-font-size\" style=\"padding-top:var(--wp--preset--spacing--20);padding-bottom:var(--wp--preset--spacing--20)\"><a href=\"https:\/\/www.lohijurmu.fi\/siian_uistelun_lyhyt_oppimaara.html\" target=\"_blank\" rel=\"noreferrer noopener\">Siian uistelun lyhyt oppim\u00e4\u00e4r\u00e4<\/a><\/li>\n\n\n\n<li class=\"has-medium-font-size\" style=\"padding-top:var(--wp--preset--spacing--20);padding-bottom:var(--wp--preset--spacing--20)\"><a href=\"https:\/\/www.lohijurmu.fi\/assets\/siianuistelun_alkeet.pdf\" target=\"_blank\" rel=\"noreferrer noopener\">Siianuistelun alkeet<\/a><\/li>\n\n\n\n<li class=\"has-medium-font-size\" style=\"padding-top:var(--wp--preset--spacing--20);padding-bottom:var(--wp--preset--spacing--20)\"><a href=\"https:\/\/www.lohijurmu.fi\/assets\/solmu.pdf\" target=\"_blank\" rel=\"noreferrer noopener\">Helppo solmu vaapuille ja karviaisille<\/a><\/li>\n\n\n\n<li class=\"has-medium-font-size\" style=\"padding-top:var(--wp--preset--spacing--20);padding-bottom:var(--wp--preset--spacing--20)\"><a href=\"https:\/\/lohijurmu.fi\/wp-content\/uploads\/2026\/04\/Hotta_ohje-scaled.jpg\" type=\"link\" id=\"https:\/\/lohijurmu.fi\/wp-content\/uploads\/2026\/04\/Hotta_ohje-scaled.jpg\">Ohjeita ja vinkkej\u00e4 Hotalla kalastamiseen<\/a><\/li>\n<\/ul>\n<\/div>\n\n\n\n<div class=\"wp-block-column is-layout-flow wp-block-column-is-layout-flow\">\n<figure class=\"wp-block-image aligncenter size-full is-resized has-custom-border\"><img loading=\"lazy\" decoding=\"async\" width=\"2560\" height=\"1706\" src=\"https:\/\/lohijurmu.fi\/wp-content\/uploads\/2026\/04\/dsc_1234_pak_2x-scaled.jpg\" alt=\"\" class=\"wp-image-357\" style=\"border-width:1px;aspect-ratio:1.499267115019831;object-fit:contain;width:288px;height:auto\" srcset=\"https:\/\/lohijurmu.fi\/wp-content\/uploads\/2026\/04\/dsc_1234_pak_2x-scaled.jpg 2560w, https:\/\/lohijurmu.fi\/wp-content\/uploads\/2026\/04\/dsc_1234_pak_2x-300x200.jpg 300w, https:\/\/lohijurmu.fi\/wp-content\/uploads\/2026\/04\/dsc_1234_pak_2x-1024x683.jpg 1024w, https:\/\/lohijurmu.fi\/wp-content\/uploads\/2026\/04\/dsc_1234_pak_2x-768x512.jpg 768w, https:\/\/lohijurmu.fi\/wp-content\/uploads\/2026\/04\/dsc_1234_pak_2x-1536x1024.jpg 1536w, https:\/\/lohijurmu.fi\/wp-content\/uploads\/2026\/04\/dsc_1234_pak_2x-2048x1365.jpg 2048w, https:\/\/lohijurmu.fi\/wp-content\/uploads\/2026\/04\/dsc_1234_pak_2x-600x400.jpg 600w\" sizes=\"auto, (max-width: 2560px) 100vw, 2560px\" \/><\/figure>\n<\/div>\n<\/div>\n<\/div>\n<\/div>\n<\/div>\n<\/div>\n<\/div>\n\n\n\n<div class=\"wp-block-group alignwide has-background is-content-justification-center is-layout-constrained wp-block-group-is-layout-constrained\" id=\"tilaus\" style=\"border-style:none;border-width:0px;background-color:#d1dae65e;padding-top:var(--wp--preset--spacing--60);padding-bottom:var(--wp--preset--spacing--60)\">\n<h3 class=\"wp-block-heading has-text-align-center\">Tilaus<\/h3>\n\n\n\n<p class=\"has-text-align-center\">Toimitamme tuotteita Postin v\u00e4lityksell\u00e4 seurantanumerolla. <br>Tilauksen voit tehd\u00e4 helpoimmin menem\u00e4ll\u00e4 verkkokauppaan:<\/p>\n\n\n\n<div class=\"wp-block-buttons is-content-justification-center is-layout-flex wp-container-core-buttons-is-layout-a89b3969 wp-block-buttons-is-layout-flex\">\n<div class=\"wp-block-button has-custom-width wp-block-button__width-25\"><a class=\"wp-block-button__link has-medium-font-size has-text-align-center has-custom-font-size wp-element-button\" href=\"https:\/\/lohijurmu.fi\/index.php\/verkkokauppa\/\">T\u00e4st\u00e4 verkkokauppaan<\/a><\/div>\n<\/div>\n\n\n\n<hr class=\"wp-block-separator has-alpha-channel-opacity is-style-default\" style=\"margin-top:var(--wp--preset--spacing--70);margin-bottom:var(--wp--preset--spacing--70)\"\/>\n\n\n\n<p class=\"has-text-align-center\"><strong>Lis\u00e4tietoja tilauksiin liittyen:<\/strong><br><a href=\"mailto:tuure.savolainen@gmail.com\">tuure.savolainen@gmail.com<\/a><br>puh. 045 894 2055<br><br><strong>Hinnat<\/strong><br>Hotta &#8211; 13,80e\/kpl<br>Jurmu &#8211; 18,50e\/kpl<\/p>\n\n\n\n<p class=\"has-text-align-center\" id=\"u8491-13\">Hintaan lis\u00e4t\u00e4\u00e4n toimituskulut. <br>Postitus alle 100e tilauksille 5.25e\/paketti.<br>Yli 100 euron tilaukset ilman toimituskuluja.<br>Hinnat sis\u00e4lt\u00e4v\u00e4t arvonlis\u00e4veron 25.5%.<\/p>\n<\/div>\n","protected":false},"excerpt":{"rendered":"<p>LohiJurmu Oy on rautalampilainen vaappuvalmistaja, jonka tuotteet ovat huolellista k\u00e4sity\u00f6t\u00e4 mihin yhdistyy kalamiehen kannalta t\u00e4rkeimpin\u00e4 huolellinen viimeistely, uusin teknologia, parhaat [&hellip;]<\/p>\n","protected":false},"author":1,"featured_media":0,"parent":0,"menu_order":0,"comment_status":"closed","ping_status":"closed","template":"","meta":{"site-sidebar-layout":"default","site-content-layout":"","ast-site-content-layout":"normal-width-container","site-content-style":"default","site-sidebar-style":"default","ast-global-header-display":"","ast-banner-title-visibility":"","ast-main-header-display":"","ast-hfb-above-header-display":"","ast-hfb-below-header-display":"","ast-hfb-mobile-header-display":"","site-post-title":"disabled","ast-breadcrumbs-content":"","ast-featured-img":"","footer-sml-layout":"","ast-disable-related-posts":"","theme-transparent-header-meta":"","adv-header-id-meta":"","stick-header-meta":"","header-above-stick-meta":"","header-main-stick-meta":"","header-below-stick-meta":"","astra-migrate-meta-layouts":"default","ast-page-background-enabled":"default","ast-page-background-meta":{"desktop":{"background-color":"var(--ast-global-color-5)","background-image":"","background-repeat":"repeat","background-position":"center center","background-size":"auto","background-attachment":"scroll","background-type":"","background-media":"","overlay-type":"","overlay-color":"","overlay-opacity":"","overlay-gradient":""},"tablet":{"background-color":"","background-image":"","background-repeat":"repeat","background-position":"center center","background-size":"auto","background-attachment":"scroll","background-type":"","background-media":"","overlay-type":"","overlay-color":"","overlay-opacity":"","overlay-gradient":""},"mobile":{"background-color":"","background-image":"","background-repeat":"repeat","background-position":"center center","background-size":"auto","background-attachment":"scroll","background-type":"","background-media":"","overlay-type":"","overlay-color":"","overlay-opacity":"","overlay-gradient":""}},"ast-content-background-meta":{"desktop":{"background-color":"var(--ast-global-color-4)","background-image":"","background-repeat":"repeat","background-position":"center center","background-size":"auto","background-attachment":"scroll","background-type":"","background-media":"","overlay-type":"","overlay-color":"","overlay-opacity":"","overlay-gradient":""},"tablet":{"background-color":"var(--ast-global-color-4)","background-image":"","background-repeat":"repeat","background-position":"center center","background-size":"auto","background-attachment":"scroll","background-type":"","background-media":"","overlay-type":"","overlay-color":"","overlay-opacity":"","overlay-gradient":""},"mobile":{"background-color":"var(--ast-global-color-4)","background-image":"","background-repeat":"repeat","background-position":"center center","background-size":"auto","background-attachment":"scroll","background-type":"","background-media":"","overlay-type":"","overlay-color":"","overlay-opacity":"","overlay-gradient":""}},"footnotes":""},"class_list":["post-2","page","type-page","status-publish","hentry"],"yoast_head":"<!-- This site is optimized with the Yoast SEO plugin v27.4 - https:\/\/yoast.com\/product\/yoast-seo-wordpress\/ -->\n<title>Etusivu - Lohijurmu Oy<\/title>\n<meta name=\"robots\" content=\"index, follow, max-snippet:-1, max-image-preview:large, max-video-preview:-1\" \/>\n<link rel=\"canonical\" href=\"https:\/\/lohijurmu.fi\/\" \/>\n<meta property=\"og:locale\" content=\"fi_FI\" \/>\n<meta property=\"og:type\" content=\"article\" \/>\n<meta property=\"og:title\" content=\"Etusivu - Lohijurmu Oy\" \/>\n<meta property=\"og:description\" content=\"LohiJurmu Oy on rautalampilainen vaappuvalmistaja, jonka tuotteet ovat huolellista k\u00e4sity\u00f6t\u00e4 mihin yhdistyy kalamiehen kannalta t\u00e4rkeimpin\u00e4 huolellinen viimeistely, uusin teknologia, parhaat [&hellip;]\" \/>\n<meta property=\"og:url\" content=\"https:\/\/lohijurmu.fi\/\" \/>\n<meta property=\"og:site_name\" content=\"Lohijurmu Oy\" \/>\n<meta property=\"article:modified_time\" content=\"2026-04-24T08:01:03+00:00\" \/>\n<meta property=\"og:image\" content=\"https:\/\/lohijurmu.fi\/wp-content\/uploads\/2026\/04\/H02_Raatokarpanen_2_crop.jpg\" \/>\n\t<meta property=\"og:image:width\" content=\"2500\" \/>\n\t<meta property=\"og:image:height\" content=\"1000\" \/>\n\t<meta property=\"og:image:type\" content=\"image\/jpeg\" \/>\n<meta name=\"twitter:card\" content=\"summary_large_image\" \/>\n<meta name=\"twitter:label1\" content=\"Arvioitu lukuaika\" \/>\n\t<meta name=\"twitter:data1\" content=\"4 minuuttia\" \/>\n<script type=\"application\/ld+json\" class=\"yoast-schema-graph\">{\"@context\":\"https:\\\/\\\/schema.org\",\"@graph\":[{\"@type\":\"WebPage\",\"@id\":\"https:\\\/\\\/lohijurmu.fi\\\/\",\"url\":\"https:\\\/\\\/lohijurmu.fi\\\/\",\"name\":\"Etusivu - Lohijurmu Oy\",\"isPartOf\":{\"@id\":\"https:\\\/\\\/lohijurmu.fi\\\/#website\"},\"primaryImageOfPage\":{\"@id\":\"https:\\\/\\\/lohijurmu.fi\\\/#primaryimage\"},\"image\":{\"@id\":\"https:\\\/\\\/lohijurmu.fi\\\/#primaryimage\"},\"thumbnailUrl\":\"https:\\\/\\\/lohijurmu.fi\\\/wp-content\\\/uploads\\\/2026\\\/04\\\/H02_Raatokarpanen_2_crop-1024x410.jpg\",\"datePublished\":\"2026-04-20T10:56:27+00:00\",\"dateModified\":\"2026-04-24T08:01:03+00:00\",\"breadcrumb\":{\"@id\":\"https:\\\/\\\/lohijurmu.fi\\\/#breadcrumb\"},\"inLanguage\":\"fi\",\"potentialAction\":[{\"@type\":\"ReadAction\",\"target\":[\"https:\\\/\\\/lohijurmu.fi\\\/\"]}]},{\"@type\":\"ImageObject\",\"inLanguage\":\"fi\",\"@id\":\"https:\\\/\\\/lohijurmu.fi\\\/#primaryimage\",\"url\":\"https:\\\/\\\/lohijurmu.fi\\\/wp-content\\\/uploads\\\/2026\\\/04\\\/H02_Raatokarpanen_2_crop.jpg\",\"contentUrl\":\"https:\\\/\\\/lohijurmu.fi\\\/wp-content\\\/uploads\\\/2026\\\/04\\\/H02_Raatokarpanen_2_crop.jpg\",\"width\":2500,\"height\":1000},{\"@type\":\"BreadcrumbList\",\"@id\":\"https:\\\/\\\/lohijurmu.fi\\\/#breadcrumb\",\"itemListElement\":[{\"@type\":\"ListItem\",\"position\":1,\"name\":\"Etusivu\",\"item\":\"https:\\\/\\\/lohijurmu.fi\\\/\"},{\"@type\":\"ListItem\",\"position\":2,\"name\":\"Etusivu\"}]},{\"@type\":\"WebSite\",\"@id\":\"https:\\\/\\\/lohijurmu.fi\\\/#website\",\"url\":\"https:\\\/\\\/lohijurmu.fi\\\/\",\"name\":\"Lohijurmu Oy\",\"description\":\"\",\"potentialAction\":[{\"@type\":\"SearchAction\",\"target\":{\"@type\":\"EntryPoint\",\"urlTemplate\":\"https:\\\/\\\/lohijurmu.fi\\\/?s={search_term_string}\"},\"query-input\":{\"@type\":\"PropertyValueSpecification\",\"valueRequired\":true,\"valueName\":\"search_term_string\"}}],\"inLanguage\":\"fi\"}]}<\/script>\n<!-- \/ Yoast SEO plugin. -->","yoast_head_json":{"title":"Etusivu - Lohijurmu Oy","robots":{"index":"index","follow":"follow","max-snippet":"max-snippet:-1","max-image-preview":"max-image-preview:large","max-video-preview":"max-video-preview:-1"},"canonical":"https:\/\/lohijurmu.fi\/","og_locale":"fi_FI","og_type":"article","og_title":"Etusivu - Lohijurmu Oy","og_description":"LohiJurmu Oy on rautalampilainen vaappuvalmistaja, jonka tuotteet ovat huolellista k\u00e4sity\u00f6t\u00e4 mihin yhdistyy kalamiehen kannalta t\u00e4rkeimpin\u00e4 huolellinen viimeistely, uusin teknologia, parhaat [&hellip;]","og_url":"https:\/\/lohijurmu.fi\/","og_site_name":"Lohijurmu Oy","article_modified_time":"2026-04-24T08:01:03+00:00","og_image":[{"width":2500,"height":1000,"url":"https:\/\/lohijurmu.fi\/wp-content\/uploads\/2026\/04\/H02_Raatokarpanen_2_crop.jpg","type":"image\/jpeg"}],"twitter_card":"summary_large_image","twitter_misc":{"Arvioitu lukuaika":"4 minuuttia"},"schema":{"@context":"https:\/\/schema.org","@graph":[{"@type":"WebPage","@id":"https:\/\/lohijurmu.fi\/","url":"https:\/\/lohijurmu.fi\/","name":"Etusivu - Lohijurmu Oy","isPartOf":{"@id":"https:\/\/lohijurmu.fi\/#website"},"primaryImageOfPage":{"@id":"https:\/\/lohijurmu.fi\/#primaryimage"},"image":{"@id":"https:\/\/lohijurmu.fi\/#primaryimage"},"thumbnailUrl":"https:\/\/lohijurmu.fi\/wp-content\/uploads\/2026\/04\/H02_Raatokarpanen_2_crop-1024x410.jpg","datePublished":"2026-04-20T10:56:27+00:00","dateModified":"2026-04-24T08:01:03+00:00","breadcrumb":{"@id":"https:\/\/lohijurmu.fi\/#breadcrumb"},"inLanguage":"fi","potentialAction":[{"@type":"ReadAction","target":["https:\/\/lohijurmu.fi\/"]}]},{"@type":"ImageObject","inLanguage":"fi","@id":"https:\/\/lohijurmu.fi\/#primaryimage","url":"https:\/\/lohijurmu.fi\/wp-content\/uploads\/2026\/04\/H02_Raatokarpanen_2_crop.jpg","contentUrl":"https:\/\/lohijurmu.fi\/wp-content\/uploads\/2026\/04\/H02_Raatokarpanen_2_crop.jpg","width":2500,"height":1000},{"@type":"BreadcrumbList","@id":"https:\/\/lohijurmu.fi\/#breadcrumb","itemListElement":[{"@type":"ListItem","position":1,"name":"Etusivu","item":"https:\/\/lohijurmu.fi\/"},{"@type":"ListItem","position":2,"name":"Etusivu"}]},{"@type":"WebSite","@id":"https:\/\/lohijurmu.fi\/#website","url":"https:\/\/lohijurmu.fi\/","name":"Lohijurmu Oy","description":"","potentialAction":[{"@type":"SearchAction","target":{"@type":"EntryPoint","urlTemplate":"https:\/\/lohijurmu.fi\/?s={search_term_string}"},"query-input":{"@type":"PropertyValueSpecification","valueRequired":true,"valueName":"search_term_string"}}],"inLanguage":"fi"}]}},"_links":{"self":[{"href":"https:\/\/lohijurmu.fi\/index.php\/wp-json\/wp\/v2\/pages\/2","targetHints":{"allow":["GET"]}}],"collection":[{"href":"https:\/\/lohijurmu.fi\/index.php\/wp-json\/wp\/v2\/pages"}],"about":[{"href":"https:\/\/lohijurmu.fi\/index.php\/wp-json\/wp\/v2\/types\/page"}],"author":[{"embeddable":true,"href":"https:\/\/lohijurmu.fi\/index.php\/wp-json\/wp\/v2\/users\/1"}],"replies":[{"embeddable":true,"href":"https:\/\/lohijurmu.fi\/index.php\/wp-json\/wp\/v2\/comments?post=2"}],"version-history":[{"count":55,"href":"https:\/\/lohijurmu.fi\/index.php\/wp-json\/wp\/v2\/pages\/2\/revisions"}],"predecessor-version":[{"id":405,"href":"https:\/\/lohijurmu.fi\/index.php\/wp-json\/wp\/v2\/pages\/2\/revisions\/405"}],"wp:attachment":[{"href":"https:\/\/lohijurmu.fi\/index.php\/wp-json\/wp\/v2\/media?parent=2"}],"curies":[{"name":"wp","href":"https:\/\/api.w.org\/{rel}","templated":true}]}}