{"id":338,"date":"2026-04-23T05:39:41","date_gmt":"2026-04-23T05:39:41","guid":{"rendered":"https:\/\/lohijurmu.fi\/?post_type=product&#038;p=338"},"modified":"2026-04-23T07:29:36","modified_gmt":"2026-04-23T07:29:36","slug":"tenon-unelma-j31","status":"publish","type":"product","link":"https:\/\/lohijurmu.fi\/index.php\/tuote\/tenon-unelma-j31\/","title":{"rendered":"Tenon Unelma J31"},"content":{"rendered":"<p>Koot: 68mm ja 78mm<br \/>\nValitse koko valikosta ja lis\u00e4\u00e4 se ostoskoriin.<\/p>\n","protected":false},"excerpt":{"rendered":"<p>Koot: 68mm ja 78mm Valitse koko valikosta ja lis\u00e4\u00e4 se ostoskoriin.<\/p>\n","protected":false},"featured_media":341,"comment_status":"open","ping_status":"closed","template":"","meta":{"site-sidebar-layout":"default","site-content-layout":"","ast-site-content-layout":"default","site-content-style":"default","site-sidebar-style":"default","ast-global-header-display":"","ast-banner-title-visibility":"","ast-main-header-display":"","ast-hfb-above-header-display":"","ast-hfb-below-header-display":"","ast-hfb-mobile-header-display":"","site-post-title":"","ast-breadcrumbs-content":"","ast-featured-img":"","footer-sml-layout":"","ast-disable-related-posts":"","theme-transparent-header-meta":"default","adv-header-id-meta":"","stick-header-meta":"","header-above-stick-meta":"","header-main-stick-meta":"","header-below-stick-meta":"","astra-migrate-meta-layouts":"set","ast-page-background-enabled":"default","ast-page-background-meta":{"desktop":{"background-color":"var(--ast-global-color-5)","background-image":"","background-repeat":"repeat","background-position":"center center","background-size":"auto","background-attachment":"scroll","background-type":"","background-media":"","overlay-type":"","overlay-color":"","overlay-opacity":"","overlay-gradient":""},"tablet":{"background-color":"","background-image":"","background-repeat":"repeat","background-position":"center center","background-size":"auto","background-attachment":"scroll","background-type":"","background-media":"","overlay-type":"","overlay-color":"","overlay-opacity":"","overlay-gradient":""},"mobile":{"background-color":"","background-image":"","background-repeat":"repeat","background-position":"center center","background-size":"auto","background-attachment":"scroll","background-type":"","background-media":"","overlay-type":"","overlay-color":"","overlay-opacity":"","overlay-gradient":""}},"ast-content-background-meta":{"desktop":{"background-color":"var(--ast-global-color-4)","background-image":"","background-repeat":"repeat","background-position":"center center","background-size":"auto","background-attachment":"scroll","background-type":"","background-media":"","overlay-type":"","overlay-color":"","overlay-opacity":"","overlay-gradient":""},"tablet":{"background-color":"var(--ast-global-color-4)","background-image":"","background-repeat":"repeat","background-position":"center center","background-size":"auto","background-attachment":"scroll","background-type":"","background-media":"","overlay-type":"","overlay-color":"","overlay-opacity":"","overlay-gradient":""},"mobile":{"background-color":"var(--ast-global-color-4)","background-image":"","background-repeat":"repeat","background-position":"center center","background-size":"auto","background-attachment":"scroll","background-type":"","background-media":"","overlay-type":"","overlay-color":"","overlay-opacity":"","overlay-gradient":""}}},"product_brand":[],"product_cat":[20,56],"product_tag":[57,78],"class_list":{"0":"post-338","1":"product","2":"type-product","3":"status-publish","4":"has-post-thumbnail","6":"product_cat-jurmut","7":"product_cat-maalatut-jurmut","8":"product_tag-jurmu","9":"product_tag-tenon-unelma","10":"desktop-align-left","11":"tablet-align-left","12":"mobile-align-left","14":"first","15":"instock","16":"shipping-taxable","17":"purchasable","18":"product-type-variable","19":"has-default-attributes"},"yoast_head":"<!-- This site is optimized with the Yoast SEO plugin v27.4 - https:\/\/yoast.com\/product\/yoast-seo-wordpress\/ -->\n<title>Tenon Unelma J31 - Lohijurmu Oy<\/title>\n<meta name=\"robots\" content=\"index, follow, max-snippet:-1, max-image-preview:large, max-video-preview:-1\" \/>\n<link rel=\"canonical\" href=\"https:\/\/lohijurmu.fi\/index.php\/tuote\/tenon-unelma-j31\/\" \/>\n<meta property=\"og:locale\" content=\"fi_FI\" \/>\n<meta property=\"og:type\" content=\"article\" \/>\n<meta property=\"og:title\" content=\"Tenon Unelma J31 - Lohijurmu Oy\" \/>\n<meta property=\"og:description\" content=\"Koot: 68mm ja 78mm Valitse koko valikosta ja lis\u00e4\u00e4 se ostoskoriin.\" \/>\n<meta property=\"og:url\" content=\"https:\/\/lohijurmu.fi\/index.php\/tuote\/tenon-unelma-j31\/\" \/>\n<meta property=\"og:site_name\" content=\"Lohijurmu Oy\" \/>\n<meta property=\"article:modified_time\" content=\"2026-04-23T07:29:36+00:00\" \/>\n<meta property=\"og:image\" content=\"https:\/\/lohijurmu.fi\/wp-content\/uploads\/2026\/04\/WH_Jurmu-78mm-Tenon-Unelma_crop.jpg\" \/>\n\t<meta property=\"og:image:width\" content=\"1500\" \/>\n\t<meta property=\"og:image:height\" content=\"452\" \/>\n\t<meta property=\"og:image:type\" content=\"image\/jpeg\" \/>\n<meta name=\"twitter:card\" content=\"summary_large_image\" \/>\n<meta name=\"twitter:label1\" content=\"Arvioitu lukuaika\" \/>\n\t<meta name=\"twitter:data1\" content=\"1 minuutti\" \/>\n<script type=\"application\/ld+json\" class=\"yoast-schema-graph\">{\"@context\":\"https:\\\/\\\/schema.org\",\"@graph\":[{\"@type\":\"WebPage\",\"@id\":\"https:\\\/\\\/lohijurmu.fi\\\/index.php\\\/tuote\\\/tenon-unelma-j31\\\/\",\"url\":\"https:\\\/\\\/lohijurmu.fi\\\/index.php\\\/tuote\\\/tenon-unelma-j31\\\/\",\"name\":\"Tenon Unelma J31 - Lohijurmu Oy\",\"isPartOf\":{\"@id\":\"https:\\\/\\\/lohijurmu.fi\\\/#website\"},\"primaryImageOfPage\":{\"@id\":\"https:\\\/\\\/lohijurmu.fi\\\/index.php\\\/tuote\\\/tenon-unelma-j31\\\/#primaryimage\"},\"image\":{\"@id\":\"https:\\\/\\\/lohijurmu.fi\\\/index.php\\\/tuote\\\/tenon-unelma-j31\\\/#primaryimage\"},\"thumbnailUrl\":\"https:\\\/\\\/lohijurmu.fi\\\/wp-content\\\/uploads\\\/2026\\\/04\\\/WH_Jurmu-78mm-Tenon-Unelma_crop.jpg\",\"datePublished\":\"2026-04-23T05:39:41+00:00\",\"dateModified\":\"2026-04-23T07:29:36+00:00\",\"breadcrumb\":{\"@id\":\"https:\\\/\\\/lohijurmu.fi\\\/index.php\\\/tuote\\\/tenon-unelma-j31\\\/#breadcrumb\"},\"inLanguage\":\"fi\",\"potentialAction\":[{\"@type\":\"ReadAction\",\"target\":[\"https:\\\/\\\/lohijurmu.fi\\\/index.php\\\/tuote\\\/tenon-unelma-j31\\\/\"]}]},{\"@type\":\"ImageObject\",\"inLanguage\":\"fi\",\"@id\":\"https:\\\/\\\/lohijurmu.fi\\\/index.php\\\/tuote\\\/tenon-unelma-j31\\\/#primaryimage\",\"url\":\"https:\\\/\\\/lohijurmu.fi\\\/wp-content\\\/uploads\\\/2026\\\/04\\\/WH_Jurmu-78mm-Tenon-Unelma_crop.jpg\",\"contentUrl\":\"https:\\\/\\\/lohijurmu.fi\\\/wp-content\\\/uploads\\\/2026\\\/04\\\/WH_Jurmu-78mm-Tenon-Unelma_crop.jpg\",\"width\":1500,\"height\":452},{\"@type\":\"BreadcrumbList\",\"@id\":\"https:\\\/\\\/lohijurmu.fi\\\/index.php\\\/tuote\\\/tenon-unelma-j31\\\/#breadcrumb\",\"itemListElement\":[{\"@type\":\"ListItem\",\"position\":1,\"name\":\"Etusivu\",\"item\":\"https:\\\/\\\/lohijurmu.fi\\\/\"},{\"@type\":\"ListItem\",\"position\":2,\"name\":\"Kauppa (vanha, \u00e4l\u00e4 k\u00e4yt\u00e4)\",\"item\":\"https:\\\/\\\/lohijurmu.fi\\\/index.php\\\/kauppa-vanha\\\/\"},{\"@type\":\"ListItem\",\"position\":3,\"name\":\"Tenon Unelma J31\"}]},{\"@type\":\"WebSite\",\"@id\":\"https:\\\/\\\/lohijurmu.fi\\\/#website\",\"url\":\"https:\\\/\\\/lohijurmu.fi\\\/\",\"name\":\"Lohijurmu Oy\",\"description\":\"\",\"potentialAction\":[{\"@type\":\"SearchAction\",\"target\":{\"@type\":\"EntryPoint\",\"urlTemplate\":\"https:\\\/\\\/lohijurmu.fi\\\/?s={search_term_string}\"},\"query-input\":{\"@type\":\"PropertyValueSpecification\",\"valueRequired\":true,\"valueName\":\"search_term_string\"}}],\"inLanguage\":\"fi\"}]}<\/script>\n<!-- \/ Yoast SEO plugin. -->","yoast_head_json":{"title":"Tenon Unelma J31 - Lohijurmu Oy","robots":{"index":"index","follow":"follow","max-snippet":"max-snippet:-1","max-image-preview":"max-image-preview:large","max-video-preview":"max-video-preview:-1"},"canonical":"https:\/\/lohijurmu.fi\/index.php\/tuote\/tenon-unelma-j31\/","og_locale":"fi_FI","og_type":"article","og_title":"Tenon Unelma J31 - Lohijurmu Oy","og_description":"Koot: 68mm ja 78mm Valitse koko valikosta ja lis\u00e4\u00e4 se ostoskoriin.","og_url":"https:\/\/lohijurmu.fi\/index.php\/tuote\/tenon-unelma-j31\/","og_site_name":"Lohijurmu Oy","article_modified_time":"2026-04-23T07:29:36+00:00","og_image":[{"width":1500,"height":452,"url":"https:\/\/lohijurmu.fi\/wp-content\/uploads\/2026\/04\/WH_Jurmu-78mm-Tenon-Unelma_crop.jpg","type":"image\/jpeg"}],"twitter_card":"summary_large_image","twitter_misc":{"Arvioitu lukuaika":"1 minuutti"},"schema":{"@context":"https:\/\/schema.org","@graph":[{"@type":"WebPage","@id":"https:\/\/lohijurmu.fi\/index.php\/tuote\/tenon-unelma-j31\/","url":"https:\/\/lohijurmu.fi\/index.php\/tuote\/tenon-unelma-j31\/","name":"Tenon Unelma J31 - Lohijurmu Oy","isPartOf":{"@id":"https:\/\/lohijurmu.fi\/#website"},"primaryImageOfPage":{"@id":"https:\/\/lohijurmu.fi\/index.php\/tuote\/tenon-unelma-j31\/#primaryimage"},"image":{"@id":"https:\/\/lohijurmu.fi\/index.php\/tuote\/tenon-unelma-j31\/#primaryimage"},"thumbnailUrl":"https:\/\/lohijurmu.fi\/wp-content\/uploads\/2026\/04\/WH_Jurmu-78mm-Tenon-Unelma_crop.jpg","datePublished":"2026-04-23T05:39:41+00:00","dateModified":"2026-04-23T07:29:36+00:00","breadcrumb":{"@id":"https:\/\/lohijurmu.fi\/index.php\/tuote\/tenon-unelma-j31\/#breadcrumb"},"inLanguage":"fi","potentialAction":[{"@type":"ReadAction","target":["https:\/\/lohijurmu.fi\/index.php\/tuote\/tenon-unelma-j31\/"]}]},{"@type":"ImageObject","inLanguage":"fi","@id":"https:\/\/lohijurmu.fi\/index.php\/tuote\/tenon-unelma-j31\/#primaryimage","url":"https:\/\/lohijurmu.fi\/wp-content\/uploads\/2026\/04\/WH_Jurmu-78mm-Tenon-Unelma_crop.jpg","contentUrl":"https:\/\/lohijurmu.fi\/wp-content\/uploads\/2026\/04\/WH_Jurmu-78mm-Tenon-Unelma_crop.jpg","width":1500,"height":452},{"@type":"BreadcrumbList","@id":"https:\/\/lohijurmu.fi\/index.php\/tuote\/tenon-unelma-j31\/#breadcrumb","itemListElement":[{"@type":"ListItem","position":1,"name":"Etusivu","item":"https:\/\/lohijurmu.fi\/"},{"@type":"ListItem","position":2,"name":"Kauppa (vanha, \u00e4l\u00e4 k\u00e4yt\u00e4)","item":"https:\/\/lohijurmu.fi\/index.php\/kauppa-vanha\/"},{"@type":"ListItem","position":3,"name":"Tenon Unelma J31"}]},{"@type":"WebSite","@id":"https:\/\/lohijurmu.fi\/#website","url":"https:\/\/lohijurmu.fi\/","name":"Lohijurmu Oy","description":"","potentialAction":[{"@type":"SearchAction","target":{"@type":"EntryPoint","urlTemplate":"https:\/\/lohijurmu.fi\/?s={search_term_string}"},"query-input":{"@type":"PropertyValueSpecification","valueRequired":true,"valueName":"search_term_string"}}],"inLanguage":"fi"}]}},"_links":{"self":[{"href":"https:\/\/lohijurmu.fi\/index.php\/wp-json\/wp\/v2\/product\/338","targetHints":{"allow":["GET"]}}],"collection":[{"href":"https:\/\/lohijurmu.fi\/index.php\/wp-json\/wp\/v2\/product"}],"about":[{"href":"https:\/\/lohijurmu.fi\/index.php\/wp-json\/wp\/v2\/types\/product"}],"replies":[{"embeddable":true,"href":"https:\/\/lohijurmu.fi\/index.php\/wp-json\/wp\/v2\/comments?post=338"}],"wp:featuredmedia":[{"embeddable":true,"href":"https:\/\/lohijurmu.fi\/index.php\/wp-json\/wp\/v2\/media\/341"}],"wp:attachment":[{"href":"https:\/\/lohijurmu.fi\/index.php\/wp-json\/wp\/v2\/media?parent=338"}],"wp:term":[{"taxonomy":"product_brand","embeddable":true,"href":"https:\/\/lohijurmu.fi\/index.php\/wp-json\/wp\/v2\/product_brand?post=338"},{"taxonomy":"product_cat","embeddable":true,"href":"https:\/\/lohijurmu.fi\/index.php\/wp-json\/wp\/v2\/product_cat?post=338"},{"taxonomy":"product_tag","embeddable":true,"href":"https:\/\/lohijurmu.fi\/index.php\/wp-json\/wp\/v2\/product_tag?post=338"}],"curies":[{"name":"wp","href":"https:\/\/api.w.org\/{rel}","templated":true}]}}